{"id":1111,"date":"2014-12-03T11:36:57","date_gmt":"2014-12-03T10:36:57","guid":{"rendered":"http:\/\/www.neverending.eu\/?page_id=1111"},"modified":"2022-08-15T18:37:11","modified_gmt":"2022-08-15T16:37:11","slug":"transfer","status":"publish","type":"page","link":"https:\/\/www.autopujcovna-praha.cz\/ru\/transfer\/","title":{"rendered":"\u0422\u0420\u0410\u041d\u0421\u0424\u0415\u0420"},"content":{"rendered":"<p>ASAP Rent Car Rental expands its activities and is happy to move you and your luggage to the place according to specific needs.<\/p>\n<p>Versions of services:<\/p>\n<p>Transfer from \/ to airport<br \/>\na) Minibus for more passengers to \/ from the city center (shuttle \u2013 payment per person)<br \/>\nb) Private vehicle directly to \/ from the hotel (payment per car)<br \/>\nTransport to the meeting and back<br \/>\nSightseeing tours in Prague<br \/>\nTrips and excursions around the Czech Republic<\/p>\n<p>Why to use our services?<br \/>\nPrices: fixed.<br \/>\nReservations: free of charge.<br \/>\nFleet: cars Renault (Megane, Laguna, Vel Satis, Espace) and minibuses Opel Vivaro and Renault Traffic, cars are air conditioned and non-smoking.<br \/>\nBaby and child seats: free of charge.<br \/>\nDrivers: professionals, speaking foreign languages.<br \/>\nAdditional services: car decoration, small gifts for the traveller (refreshments, flowers, press).<br \/>\nCustomer: and its satisfaction is our priority.<\/p>\n<p>Price of transfer from \/ to Prague Airport:<br \/>\nfor 1-3 persons \u2013 460 CZK one way<br \/>\nfor 4-7 persons \u2013 670 CZK one way<\/p>\n<p>Price includes: extra car parking at the airport, waiting for any vehicle, driver assistance (disabled, luggage, information).<\/p>\n","protected":false},"excerpt":{"rendered":"<p>ASAP Rent Car Rental expands its activities and is happy to move you and your luggage to the place according to specific needs. Versions of services: Transfer from \/ to airport a) Minibus for more passengers to \/ from the city center (shuttle \u2013 payment per person) b) Private vehicle directly to \/ from the [&hellip;]<\/p>\n","protected":false},"author":1,"featured_media":1214,"parent":0,"menu_order":0,"comment_status":"closed","ping_status":"closed","template":"template-builder-page.php","meta":{"_et_pb_use_builder":"","_et_pb_old_content":"","_et_gb_content_width":"","footnotes":""},"class_list":["post-1111","page","type-page","status-publish","has-post-thumbnail","hentry"],"yoast_head":"<!-- This site is optimized with the Yoast SEO plugin v26.6 - https:\/\/yoast.com\/wordpress\/plugins\/seo\/ -->\n<title>\u0422\u0420\u0410\u041d\u0421\u0424\u0415\u0420 - Autop\u016fj\u010dovna Praha ASAP RENT CAR<\/title>\n<meta name=\"robots\" content=\"index, follow, max-snippet:-1, max-image-preview:large, max-video-preview:-1\" \/>\n<link rel=\"canonical\" href=\"https:\/\/www.autopujcovna-praha.cz\/transfery\/\" \/>\n<meta property=\"og:locale\" content=\"ru_RU\" \/>\n<meta property=\"og:type\" content=\"article\" \/>\n<meta property=\"og:title\" content=\"\u0422\u0420\u0410\u041d\u0421\u0424\u0415\u0420 - Autop\u016fj\u010dovna Praha ASAP RENT CAR\" \/>\n<meta property=\"og:description\" content=\"ASAP Rent Car Rental expands its activities and is happy to move you and your luggage to the place according to specific needs. Versions of services: Transfer from \/ to airport a) Minibus for more passengers to \/ from the city center (shuttle \u2013 payment per person) b) Private vehicle directly to \/ from the [&hellip;]\" \/>\n<meta property=\"og:url\" content=\"https:\/\/www.autopujcovna-praha.cz\/transfery\/\" \/>\n<meta property=\"og:site_name\" content=\"Autop\u016fj\u010dovna Praha ASAP RENT CAR\" \/>\n<meta property=\"article:modified_time\" content=\"2022-08-15T16:37:11+00:00\" \/>\n<meta property=\"og:image\" content=\"https:\/\/www.autopujcovna-praha.cz\/wp-content\/uploads\/2014\/12\/TRANSFER.png\" \/>\n\t<meta property=\"og:image:width\" content=\"280\" \/>\n\t<meta property=\"og:image:height\" content=\"179\" \/>\n\t<meta property=\"og:image:type\" content=\"image\/png\" \/>\n<meta name=\"twitter:card\" content=\"summary_large_image\" \/>\n<meta name=\"twitter:label1\" content=\"\u041f\u0440\u0438\u043c\u0435\u0440\u043d\u043e\u0435 \u0432\u0440\u0435\u043c\u044f \u0434\u043b\u044f \u0447\u0442\u0435\u043d\u0438\u044f\" \/>\n\t<meta name=\"twitter:data1\" content=\"1 \u043c\u0438\u043d\u0443\u0442\u0430\" \/>\n<script type=\"application\/ld+json\" class=\"yoast-schema-graph\">{\"@context\":\"https:\/\/schema.org\",\"@graph\":[{\"@type\":\"WebPage\",\"@id\":\"https:\/\/www.autopujcovna-praha.cz\/transfery\/\",\"url\":\"https:\/\/www.autopujcovna-praha.cz\/transfery\/\",\"name\":\"\u0422\u0420\u0410\u041d\u0421\u0424\u0415\u0420 - Autop\u016fj\u010dovna Praha ASAP RENT CAR\",\"isPartOf\":{\"@id\":\"https:\/\/www.autopujcovna-praha.cz\/#website\"},\"primaryImageOfPage\":{\"@id\":\"https:\/\/www.autopujcovna-praha.cz\/transfery\/#primaryimage\"},\"image\":{\"@id\":\"https:\/\/www.autopujcovna-praha.cz\/transfery\/#primaryimage\"},\"thumbnailUrl\":\"https:\/\/www.autopujcovna-praha.cz\/wp-content\/uploads\/2014\/12\/TRANSFER.png\",\"datePublished\":\"2014-12-03T10:36:57+00:00\",\"dateModified\":\"2022-08-15T16:37:11+00:00\",\"breadcrumb\":{\"@id\":\"https:\/\/www.autopujcovna-praha.cz\/transfery\/#breadcrumb\"},\"inLanguage\":\"ru-RU\",\"potentialAction\":[{\"@type\":\"ReadAction\",\"target\":[\"https:\/\/www.autopujcovna-praha.cz\/transfery\/\"]}]},{\"@type\":\"ImageObject\",\"inLanguage\":\"ru-RU\",\"@id\":\"https:\/\/www.autopujcovna-praha.cz\/transfery\/#primaryimage\",\"url\":\"https:\/\/www.autopujcovna-praha.cz\/wp-content\/uploads\/2014\/12\/TRANSFER.png\",\"contentUrl\":\"https:\/\/www.autopujcovna-praha.cz\/wp-content\/uploads\/2014\/12\/TRANSFER.png\",\"width\":280,\"height\":179},{\"@type\":\"BreadcrumbList\",\"@id\":\"https:\/\/www.autopujcovna-praha.cz\/transfery\/#breadcrumb\",\"itemListElement\":[{\"@type\":\"ListItem\",\"position\":1,\"name\":\"Dom\u016f\",\"item\":\"https:\/\/www.autopujcovna-praha.cz\/ru\/\"},{\"@type\":\"ListItem\",\"position\":2,\"name\":\"\u0422\u0420\u0410\u041d\u0421\u0424\u0415\u0420\"}]},{\"@type\":\"WebSite\",\"@id\":\"https:\/\/www.autopujcovna-praha.cz\/#website\",\"url\":\"https:\/\/www.autopujcovna-praha.cz\/\",\"name\":\"Autop\u016fj\u010dovna Praha ASAP RENT CAR\",\"description\":\"Autop\u016fj\u010dovna Praha\",\"potentialAction\":[{\"@type\":\"SearchAction\",\"target\":{\"@type\":\"EntryPoint\",\"urlTemplate\":\"https:\/\/www.autopujcovna-praha.cz\/?s={search_term_string}\"},\"query-input\":{\"@type\":\"PropertyValueSpecification\",\"valueRequired\":true,\"valueName\":\"search_term_string\"}}],\"inLanguage\":\"ru-RU\"}]}<\/script>\n<!-- \/ Yoast SEO plugin. -->","yoast_head_json":{"title":"\u0422\u0420\u0410\u041d\u0421\u0424\u0415\u0420 - Autop\u016fj\u010dovna Praha ASAP RENT CAR","robots":{"index":"index","follow":"follow","max-snippet":"max-snippet:-1","max-image-preview":"max-image-preview:large","max-video-preview":"max-video-preview:-1"},"canonical":"https:\/\/www.autopujcovna-praha.cz\/transfery\/","og_locale":"ru_RU","og_type":"article","og_title":"\u0422\u0420\u0410\u041d\u0421\u0424\u0415\u0420 - Autop\u016fj\u010dovna Praha ASAP RENT CAR","og_description":"ASAP Rent Car Rental expands its activities and is happy to move you and your luggage to the place according to specific needs. Versions of services: Transfer from \/ to airport a) Minibus for more passengers to \/ from the city center (shuttle \u2013 payment per person) b) Private vehicle directly to \/ from the [&hellip;]","og_url":"https:\/\/www.autopujcovna-praha.cz\/transfery\/","og_site_name":"Autop\u016fj\u010dovna Praha ASAP RENT CAR","article_modified_time":"2022-08-15T16:37:11+00:00","og_image":[{"width":280,"height":179,"url":"https:\/\/www.autopujcovna-praha.cz\/wp-content\/uploads\/2014\/12\/TRANSFER.png","type":"image\/png"}],"twitter_card":"summary_large_image","twitter_misc":{"\u041f\u0440\u0438\u043c\u0435\u0440\u043d\u043e\u0435 \u0432\u0440\u0435\u043c\u044f \u0434\u043b\u044f \u0447\u0442\u0435\u043d\u0438\u044f":"1 \u043c\u0438\u043d\u0443\u0442\u0430"},"schema":{"@context":"https:\/\/schema.org","@graph":[{"@type":"WebPage","@id":"https:\/\/www.autopujcovna-praha.cz\/transfery\/","url":"https:\/\/www.autopujcovna-praha.cz\/transfery\/","name":"\u0422\u0420\u0410\u041d\u0421\u0424\u0415\u0420 - Autop\u016fj\u010dovna Praha ASAP RENT CAR","isPartOf":{"@id":"https:\/\/www.autopujcovna-praha.cz\/#website"},"primaryImageOfPage":{"@id":"https:\/\/www.autopujcovna-praha.cz\/transfery\/#primaryimage"},"image":{"@id":"https:\/\/www.autopujcovna-praha.cz\/transfery\/#primaryimage"},"thumbnailUrl":"https:\/\/www.autopujcovna-praha.cz\/wp-content\/uploads\/2014\/12\/TRANSFER.png","datePublished":"2014-12-03T10:36:57+00:00","dateModified":"2022-08-15T16:37:11+00:00","breadcrumb":{"@id":"https:\/\/www.autopujcovna-praha.cz\/transfery\/#breadcrumb"},"inLanguage":"ru-RU","potentialAction":[{"@type":"ReadAction","target":["https:\/\/www.autopujcovna-praha.cz\/transfery\/"]}]},{"@type":"ImageObject","inLanguage":"ru-RU","@id":"https:\/\/www.autopujcovna-praha.cz\/transfery\/#primaryimage","url":"https:\/\/www.autopujcovna-praha.cz\/wp-content\/uploads\/2014\/12\/TRANSFER.png","contentUrl":"https:\/\/www.autopujcovna-praha.cz\/wp-content\/uploads\/2014\/12\/TRANSFER.png","width":280,"height":179},{"@type":"BreadcrumbList","@id":"https:\/\/www.autopujcovna-praha.cz\/transfery\/#breadcrumb","itemListElement":[{"@type":"ListItem","position":1,"name":"Dom\u016f","item":"https:\/\/www.autopujcovna-praha.cz\/ru\/"},{"@type":"ListItem","position":2,"name":"\u0422\u0420\u0410\u041d\u0421\u0424\u0415\u0420"}]},{"@type":"WebSite","@id":"https:\/\/www.autopujcovna-praha.cz\/#website","url":"https:\/\/www.autopujcovna-praha.cz\/","name":"Autop\u016fj\u010dovna Praha ASAP RENT CAR","description":"Autop\u016fj\u010dovna Praha","potentialAction":[{"@type":"SearchAction","target":{"@type":"EntryPoint","urlTemplate":"https:\/\/www.autopujcovna-praha.cz\/?s={search_term_string}"},"query-input":{"@type":"PropertyValueSpecification","valueRequired":true,"valueName":"search_term_string"}}],"inLanguage":"ru-RU"}]}},"_links":{"self":[{"href":"https:\/\/www.autopujcovna-praha.cz\/ru\/wp-json\/wp\/v2\/pages\/1111","targetHints":{"allow":["GET"]}}],"collection":[{"href":"https:\/\/www.autopujcovna-praha.cz\/ru\/wp-json\/wp\/v2\/pages"}],"about":[{"href":"https:\/\/www.autopujcovna-praha.cz\/ru\/wp-json\/wp\/v2\/types\/page"}],"author":[{"embeddable":true,"href":"https:\/\/www.autopujcovna-praha.cz\/ru\/wp-json\/wp\/v2\/users\/1"}],"replies":[{"embeddable":true,"href":"https:\/\/www.autopujcovna-praha.cz\/ru\/wp-json\/wp\/v2\/comments?post=1111"}],"version-history":[{"count":1,"href":"https:\/\/www.autopujcovna-praha.cz\/ru\/wp-json\/wp\/v2\/pages\/1111\/revisions"}],"predecessor-version":[{"id":1112,"href":"https:\/\/www.autopujcovna-praha.cz\/ru\/wp-json\/wp\/v2\/pages\/1111\/revisions\/1112"}],"wp:featuredmedia":[{"embeddable":true,"href":"https:\/\/www.autopujcovna-praha.cz\/ru\/wp-json\/wp\/v2\/media\/1214"}],"wp:attachment":[{"href":"https:\/\/www.autopujcovna-praha.cz\/ru\/wp-json\/wp\/v2\/media?parent=1111"}],"curies":[{"name":"wp","href":"https:\/\/api.w.org\/{rel}","templated":true}]}}