{"id":956,"date":"2014-11-25T21:04:56","date_gmt":"2014-11-25T20:04:56","guid":{"rendered":"http:\/\/www.neverending.eu\/?page_id=956"},"modified":"2022-05-12T00:20:22","modified_gmt":"2022-05-11T22:20:22","slug":"offerte-speciali","status":"publish","type":"page","link":"https:\/\/www.autopujcovna-praha.cz\/it\/offerte-speciali\/","title":{"rendered":"OFFERTE SPECIALI"},"content":{"rendered":"<h2>Holders of ISIC, ITIC and ALIVE ALERT!<\/h2>\n<p>We signed a contract for holders of ISIC, ITIC and ALIVE. Anyone who shows any of these cards, can count on 10% discount on renting a car!<\/p>\n<p>Discounts and special offers can not be combined, but with us you are guaranteed to get the highest possible discount!<\/p>\n<h2><\/h2>\n<h2>SPECIAL OFFER FOR STUDENTS AND TEACHERS:<\/h2>\n<p>Renault Twingo, Clio, Thalia<\/p>\n<p><strong>WEEKEND:<\/strong><br \/>\n<strong> From Friday 13:00 to Monday 10:00 am<\/strong><br \/>\n<strong> PRICE: 1080, &#8211; CZK inc. VAT<\/strong><\/p>\n<h3><strong>\u00a0<\/strong><\/h3>\n<p><strong>WEEK:<\/strong><br \/>\n<strong> 7 x 24 HOURS<\/strong><br \/>\n<strong> PRICE: 2940, &#8211; CZK inc. VAT<\/strong><\/p>\n<p>Price includes: limited 900km, delivery and return the car in Prague for free and comprehensive insurance in the Republic and the EU, with the participation of 10% min 10.000, &#8211; CZK, green card, non-stop fast and professional support, radio tax, road tax, toll sticker CR , service, summer and winter tires and their storage. For free: additional drive, child safety seat<\/p>\n<p>&nbsp;<\/p>\n<p>Reduced price for students &#8211; 50% discount on these services:<br \/>\nGPS for 238, &#8211; CZK per weekend \u263a roof box 119, &#8211; CZK per weekend \u263a snow chains 36, &#8211; CZK per weekend \u263a another driver 51, &#8211; CZK<\/p>\n<p>&nbsp;<\/p>\n<p>To rent you need: ID card, driving license and Index (last entry must not be older than 3 months) or any proof of where you live (SIPO, telephone bills, employment, contract for the study &#8230;) deposits 3000, &#8211; CZK.<\/p>\n<p>&nbsp;<\/p>\n","protected":false},"excerpt":{"rendered":"<p>Holders of ISIC, ITIC and ALIVE ALERT! We signed a contract for holders of ISIC, ITIC and ALIVE. Anyone who shows any of these cards, can count on 10% discount on renting a car! Discounts and special offers can not be combined, but with us you are guaranteed to get the highest possible discount! SPECIAL [&hellip;]<\/p>\n","protected":false},"author":1,"featured_media":401,"parent":0,"menu_order":0,"comment_status":"closed","ping_status":"closed","template":"","meta":{"_et_pb_use_builder":"on","_et_pb_old_content":"","_et_gb_content_width":"","footnotes":""},"class_list":["post-956","page","type-page","status-publish","has-post-thumbnail","hentry"],"yoast_head":"<!-- This site is optimized with the Yoast SEO plugin v26.6 - https:\/\/yoast.com\/wordpress\/plugins\/seo\/ -->\n<title>OFFERTE SPECIALI - Autop\u016fj\u010dovna Praha ASAP RENT CAR<\/title>\n<meta name=\"robots\" content=\"index, follow, max-snippet:-1, max-image-preview:large, max-video-preview:-1\" \/>\n<link rel=\"canonical\" href=\"https:\/\/www.autopujcovna-praha.cz\/akcni-nabidka\/\" \/>\n<meta property=\"og:locale\" content=\"it_IT\" \/>\n<meta property=\"og:type\" content=\"article\" \/>\n<meta property=\"og:title\" content=\"OFFERTE SPECIALI - Autop\u016fj\u010dovna Praha ASAP RENT CAR\" \/>\n<meta property=\"og:description\" content=\"Holders of ISIC, ITIC and ALIVE ALERT! We signed a contract for holders of ISIC, ITIC and ALIVE. Anyone who shows any of these cards, can count on 10% discount on renting a car! Discounts and special offers can not be combined, but with us you are guaranteed to get the highest possible discount! SPECIAL [&hellip;]\" \/>\n<meta property=\"og:url\" content=\"https:\/\/www.autopujcovna-praha.cz\/akcni-nabidka\/\" \/>\n<meta property=\"og:site_name\" content=\"Autop\u016fj\u010dovna Praha ASAP RENT CAR\" \/>\n<meta property=\"article:modified_time\" content=\"2022-05-11T22:20:22+00:00\" \/>\n<meta property=\"og:image\" content=\"https:\/\/www.autopujcovna-praha.cz\/wp-content\/uploads\/2014\/10\/Sleva.jpg\" \/>\n\t<meta property=\"og:image:width\" content=\"1280\" \/>\n\t<meta property=\"og:image:height\" content=\"960\" \/>\n\t<meta property=\"og:image:type\" content=\"image\/jpeg\" \/>\n<meta name=\"twitter:card\" content=\"summary_large_image\" \/>\n<meta name=\"twitter:label1\" content=\"Tempo di lettura stimato\" \/>\n\t<meta name=\"twitter:data1\" content=\"1 minuto\" \/>\n<script type=\"application\/ld+json\" class=\"yoast-schema-graph\">{\"@context\":\"https:\/\/schema.org\",\"@graph\":[{\"@type\":\"WebPage\",\"@id\":\"https:\/\/www.autopujcovna-praha.cz\/akcni-nabidka\/\",\"url\":\"https:\/\/www.autopujcovna-praha.cz\/akcni-nabidka\/\",\"name\":\"OFFERTE SPECIALI - Autop\u016fj\u010dovna Praha ASAP RENT CAR\",\"isPartOf\":{\"@id\":\"https:\/\/www.autopujcovna-praha.cz\/#website\"},\"primaryImageOfPage\":{\"@id\":\"https:\/\/www.autopujcovna-praha.cz\/akcni-nabidka\/#primaryimage\"},\"image\":{\"@id\":\"https:\/\/www.autopujcovna-praha.cz\/akcni-nabidka\/#primaryimage\"},\"thumbnailUrl\":\"https:\/\/www.autopujcovna-praha.cz\/wp-content\/uploads\/2014\/10\/Sleva.jpg\",\"datePublished\":\"2014-11-25T20:04:56+00:00\",\"dateModified\":\"2022-05-11T22:20:22+00:00\",\"breadcrumb\":{\"@id\":\"https:\/\/www.autopujcovna-praha.cz\/akcni-nabidka\/#breadcrumb\"},\"inLanguage\":\"it-IT\",\"potentialAction\":[{\"@type\":\"ReadAction\",\"target\":[\"https:\/\/www.autopujcovna-praha.cz\/akcni-nabidka\/\"]}]},{\"@type\":\"ImageObject\",\"inLanguage\":\"it-IT\",\"@id\":\"https:\/\/www.autopujcovna-praha.cz\/akcni-nabidka\/#primaryimage\",\"url\":\"https:\/\/www.autopujcovna-praha.cz\/wp-content\/uploads\/2014\/10\/Sleva.jpg\",\"contentUrl\":\"https:\/\/www.autopujcovna-praha.cz\/wp-content\/uploads\/2014\/10\/Sleva.jpg\",\"width\":1280,\"height\":960},{\"@type\":\"BreadcrumbList\",\"@id\":\"https:\/\/www.autopujcovna-praha.cz\/akcni-nabidka\/#breadcrumb\",\"itemListElement\":[{\"@type\":\"ListItem\",\"position\":1,\"name\":\"Dom\u016f\",\"item\":\"https:\/\/www.autopujcovna-praha.cz\/\"},{\"@type\":\"ListItem\",\"position\":2,\"name\":\"OFFERTE SPECIALI\"}]},{\"@type\":\"WebSite\",\"@id\":\"https:\/\/www.autopujcovna-praha.cz\/#website\",\"url\":\"https:\/\/www.autopujcovna-praha.cz\/\",\"name\":\"Autop\u016fj\u010dovna Praha ASAP RENT CAR\",\"description\":\"Autop\u016fj\u010dovna Praha\",\"potentialAction\":[{\"@type\":\"SearchAction\",\"target\":{\"@type\":\"EntryPoint\",\"urlTemplate\":\"https:\/\/www.autopujcovna-praha.cz\/?s={search_term_string}\"},\"query-input\":{\"@type\":\"PropertyValueSpecification\",\"valueRequired\":true,\"valueName\":\"search_term_string\"}}],\"inLanguage\":\"it-IT\"}]}<\/script>\n<!-- \/ Yoast SEO plugin. -->","yoast_head_json":{"title":"OFFERTE SPECIALI - Autop\u016fj\u010dovna Praha ASAP RENT CAR","robots":{"index":"index","follow":"follow","max-snippet":"max-snippet:-1","max-image-preview":"max-image-preview:large","max-video-preview":"max-video-preview:-1"},"canonical":"https:\/\/www.autopujcovna-praha.cz\/akcni-nabidka\/","og_locale":"it_IT","og_type":"article","og_title":"OFFERTE SPECIALI - Autop\u016fj\u010dovna Praha ASAP RENT CAR","og_description":"Holders of ISIC, ITIC and ALIVE ALERT! We signed a contract for holders of ISIC, ITIC and ALIVE. Anyone who shows any of these cards, can count on 10% discount on renting a car! Discounts and special offers can not be combined, but with us you are guaranteed to get the highest possible discount! SPECIAL [&hellip;]","og_url":"https:\/\/www.autopujcovna-praha.cz\/akcni-nabidka\/","og_site_name":"Autop\u016fj\u010dovna Praha ASAP RENT CAR","article_modified_time":"2022-05-11T22:20:22+00:00","og_image":[{"width":1280,"height":960,"url":"https:\/\/www.autopujcovna-praha.cz\/wp-content\/uploads\/2014\/10\/Sleva.jpg","type":"image\/jpeg"}],"twitter_card":"summary_large_image","twitter_misc":{"Tempo di lettura stimato":"1 minuto"},"schema":{"@context":"https:\/\/schema.org","@graph":[{"@type":"WebPage","@id":"https:\/\/www.autopujcovna-praha.cz\/akcni-nabidka\/","url":"https:\/\/www.autopujcovna-praha.cz\/akcni-nabidka\/","name":"OFFERTE SPECIALI - Autop\u016fj\u010dovna Praha ASAP RENT CAR","isPartOf":{"@id":"https:\/\/www.autopujcovna-praha.cz\/#website"},"primaryImageOfPage":{"@id":"https:\/\/www.autopujcovna-praha.cz\/akcni-nabidka\/#primaryimage"},"image":{"@id":"https:\/\/www.autopujcovna-praha.cz\/akcni-nabidka\/#primaryimage"},"thumbnailUrl":"https:\/\/www.autopujcovna-praha.cz\/wp-content\/uploads\/2014\/10\/Sleva.jpg","datePublished":"2014-11-25T20:04:56+00:00","dateModified":"2022-05-11T22:20:22+00:00","breadcrumb":{"@id":"https:\/\/www.autopujcovna-praha.cz\/akcni-nabidka\/#breadcrumb"},"inLanguage":"it-IT","potentialAction":[{"@type":"ReadAction","target":["https:\/\/www.autopujcovna-praha.cz\/akcni-nabidka\/"]}]},{"@type":"ImageObject","inLanguage":"it-IT","@id":"https:\/\/www.autopujcovna-praha.cz\/akcni-nabidka\/#primaryimage","url":"https:\/\/www.autopujcovna-praha.cz\/wp-content\/uploads\/2014\/10\/Sleva.jpg","contentUrl":"https:\/\/www.autopujcovna-praha.cz\/wp-content\/uploads\/2014\/10\/Sleva.jpg","width":1280,"height":960},{"@type":"BreadcrumbList","@id":"https:\/\/www.autopujcovna-praha.cz\/akcni-nabidka\/#breadcrumb","itemListElement":[{"@type":"ListItem","position":1,"name":"Dom\u016f","item":"https:\/\/www.autopujcovna-praha.cz\/"},{"@type":"ListItem","position":2,"name":"OFFERTE SPECIALI"}]},{"@type":"WebSite","@id":"https:\/\/www.autopujcovna-praha.cz\/#website","url":"https:\/\/www.autopujcovna-praha.cz\/","name":"Autop\u016fj\u010dovna Praha ASAP RENT CAR","description":"Autop\u016fj\u010dovna Praha","potentialAction":[{"@type":"SearchAction","target":{"@type":"EntryPoint","urlTemplate":"https:\/\/www.autopujcovna-praha.cz\/?s={search_term_string}"},"query-input":{"@type":"PropertyValueSpecification","valueRequired":true,"valueName":"search_term_string"}}],"inLanguage":"it-IT"}]}},"_links":{"self":[{"href":"https:\/\/www.autopujcovna-praha.cz\/it\/wp-json\/wp\/v2\/pages\/956","targetHints":{"allow":["GET"]}}],"collection":[{"href":"https:\/\/www.autopujcovna-praha.cz\/it\/wp-json\/wp\/v2\/pages"}],"about":[{"href":"https:\/\/www.autopujcovna-praha.cz\/it\/wp-json\/wp\/v2\/types\/page"}],"author":[{"embeddable":true,"href":"https:\/\/www.autopujcovna-praha.cz\/it\/wp-json\/wp\/v2\/users\/1"}],"replies":[{"embeddable":true,"href":"https:\/\/www.autopujcovna-praha.cz\/it\/wp-json\/wp\/v2\/comments?post=956"}],"version-history":[{"count":2,"href":"https:\/\/www.autopujcovna-praha.cz\/it\/wp-json\/wp\/v2\/pages\/956\/revisions"}],"predecessor-version":[{"id":1985,"href":"https:\/\/www.autopujcovna-praha.cz\/it\/wp-json\/wp\/v2\/pages\/956\/revisions\/1985"}],"wp:featuredmedia":[{"embeddable":true,"href":"https:\/\/www.autopujcovna-praha.cz\/it\/wp-json\/wp\/v2\/media\/401"}],"wp:attachment":[{"href":"https:\/\/www.autopujcovna-praha.cz\/it\/wp-json\/wp\/v2\/media?parent=956"}],"curies":[{"name":"wp","href":"https:\/\/api.w.org\/{rel}","templated":true}]}}