{"id":998,"date":"2014-12-02T11:25:28","date_gmt":"2014-12-02T10:25:28","guid":{"rendered":"http:\/\/www.neverending.eu\/?page_id=998"},"modified":"2022-08-15T18:32:34","modified_gmt":"2022-08-15T16:32:34","slug":"contact-3","status":"publish","type":"page","link":"https:\/\/www.autopujcovna-praha.cz\/he\/contact-3\/","title":{"rendered":"\u05de\u05d2\u05e2"},"content":{"rendered":"\n[et_pb_section][et_pb_row][et_pb_column type=&quot;4_4&quot;][et_pb_text]<table>\r\n<tbody>\r\n<tr>\r\n<td><strong>.<\/strong>\r\nModletice 75.\r\np.Dob\u0159ejovice\r\n25101 \u0158\u00ed\u010dany<strong>Prague center<\/strong> \u2013 delivery and collection at your hotel is <strong>free <\/strong>\r\nMo \u2013 Su: 8:00 \u2013 21:00\r\nFrom 18:00 till 8:00\u00a0 extra fee for outside office hours\r\n\r\n<strong>Airport <\/strong><strong>V\u00e1clava Havla \/ Ruzyn\u011b (PRG): <\/strong>\r\nMo \u2013 Su: 8:00 \u2013 21:00\r\nFrom 21:00 till 8:00\u00a0 extra fee for outside office hours\r\n\r\n&nbsp;<\/td>\r\n<\/tr>\r\n<tr>\r\n<th>I\u010cO:<\/th>\r\n<td>26723301<\/td>\r\n<\/tr>\r\n<tr>\r\n<th>DI\u010c:<\/th>\r\n<td>CZ 26723301<\/td>\r\n<\/tr>\r\n<tr>\r\n<th valign=\"\\&quot;top\\&quot;\">Tel:<\/th>\r\n<td>+420 602 307 836 (czech, english)\r\n+420 602 307 835 (czech, english)\r\n+420 602 307 839 (czech, english)\r\n+420 323 605 521 (czech, english)<\/td>\r\n<\/tr>\r\n<tr>\r\n<th valign=\"\\&quot;top\\&quot;\">Hot line:<\/th>\r\n<td>+420 602 307 836 or +420 602 307 835<\/td>\r\n<\/tr>\r\n<tr>\r\n<th>Fax:<\/th>\r\n<td>+420 323 605 521<\/td>\r\n<\/tr>\r\n<tr>\r\n<th>Email:<\/th>\r\n<td><a title=\"\\&quot;Kontakt\" href=\"https:\/\/www.autopujcovna-praha.cz\/%5C%22mailto:asap@asap-rentcar.cz%5C%22\">asap@asap-rentcar.cz<\/a><\/td>\r\n<\/tr>\r\n<tr>\r\n<th>WWW:<\/th>\r\n<td><a title=\"\\&quot;Autop\u016fj\u010dovna\" href=\"https:\/\/www.autopujcovna-praha.cz\/%5C%22http:\/\/www.asap-rentcar.cz%5C%22\">www.asap-rentcar.cz<\/a>\r\n<a title=\"\\&quot;Autop\u016fj\u010dovna\" href=\"https:\/\/www.autopujcovna-praha.cz\/%5C%22https:\/\/www.autopujcovna-praha.cz\/\/%5C%22\">www.autopujcovna-praha.cz<\/a>\r\n<a title=\"\\&quot;Autop\u016fj\u010dovna\" href=\"https:\/\/www.autopujcovna-praha.cz\/%5C%22http:\/\/www.autopujcovny-praha.cz%5C%22\">www.praguerentacar.cz<\/a>\r\n<a title=\"\\&quot;Autop\u016fj\u010dovna\" href=\"https:\/\/www.autopujcovna-praha.cz\/%5C%22http:\/\/www.carrentalprague.cz%5C%22\">www.carrentalprague.cz<\/a><\/td>\r\n<\/tr>\r\n<tr>\r\n<th>ICQ:<\/th>\r\n<td>359-690-431<\/td>\r\n<\/tr>\r\n<tr>\r\n<th>Skype:<\/th>\r\n<td>asap_rentcar<\/td>\r\n<\/tr>\r\n<\/tbody>\r\n<\/table>\r\n&nbsp;\r\n<h2>Transportation to the rent a car<\/h2>\r\n<strong>Travel by car from Downtown Prague:<\/strong>\r\n\r\n5. kv\u011btna road \u2013 exit from the E50 road direction to \\\u201d\u0158\u00ed\u010dany\\\u201d \u2013 on traffic circle right on the \\\u201dJesenice\\\u201d \u2013 after about 150 meters turn left on \\\u201dPopovi\u010dky\\\u201d \u2013 after about 1000 meters turn right on \\\u201dModletice\\\u201d \u2013 150 metres turn left to the area of the firm.\r\n\r\n<strong>Travel by Public Transportation from Downtown Prague:<\/strong>\r\n\r\nMetro Route C direction to \\\u201dHaje\\\u201d \u2013 \\\u201dOpatov\\\u201d Metro Stop Station \u2013 transfer to the Bus no. 363 \u2013 \\\u201dModletice rozc.\\\u201d Bus Stop (left in front of the firm)\r\n\r\n<strong>Travel by Public Transportation from Airport Vaclava Havla \/ Ruzyne (PRG):<\/strong>\r\n\r\nBus no. 119 direction to Dejvick\u00e1 \u2013 Dejvick\u00e1 Bus Stop \u2013 transfer to Metro Route A direction to Skalka \u2013 Muzeum Metro Stop Station \u2013 transfer to Metro Route C direction to H\u00e1je \u2013 \\\u201dOpatov\\\u201d Metro Stop Station \u2013 transfer to the Bus no. 363 \u2013 \\\u201dModletice rozc.\\\u201d Bus Stop (left in front of the firm)\r\n\r\n<iframe loading=\"lazy\" src=\"https:\/\/maps.google.cz\/maps?f=q&amp;source=s_q&amp;hl=cs&amp;geocode=&amp;q=ASAP+Rent+car&amp;aq=&amp;sll=50.05967,14.465624&amp;sspn=0.358384,1.056747&amp;brcurrent=5,0,0&amp;ie=UTF8&amp;hq=ASAP+Rent+car&amp;hnear=&amp;t=m&amp;cid=10789595631246774697&amp;ll=50.028475,14.542465&amp;spn=0.154387,0.291824&amp;z=11&amp;iwloc=A&amp;output=embed\" width=\"425\" height=\"350\" frameborder=\"0\" marginwidth=\"0\" marginheight=\"0\" scrolling=\"no\"><\/iframe>\r\n<small><a href=\"https:\/\/maps.google.cz\/maps?f=q&amp;source=embed&amp;hl=cs&amp;geocode=&amp;q=ASAP+Rent+car&amp;aq=&amp;sll=50.05967,14.465624&amp;sspn=0.358384,1.056747&amp;brcurrent=5,0,0&amp;ie=UTF8&amp;hq=ASAP+Rent+car&amp;hnear=&amp;t=m&amp;cid=10789595631246774697&amp;ll=50.028475,14.542465&amp;spn=0.154387,0.291824&amp;z=11&amp;iwloc=A\">Zv\u011bt\u0161it mapu<\/a><\/small>[\/et_pb_text][\/et_pb_column][\/et_pb_row][\/et_pb_section]\n","protected":false},"excerpt":{"rendered":"<p><div class=\"et_pb_section et_pb_section_0 et_section_regular\" >\n\t\t\t\t\n\t\t\t\t\n\t\t\t\t\n\t\t\t\t\n\t\t\t\t\n\t\t\t\t\n\t\t\t\t\n\t\t\t\t\n\t\t\t\t\n\t\t\t<\/div><div class=\"et_pb_row et_pb_row_0 et_pb_row_empty\">\n\t\t\t\t\n\t\t\t\t\n\t\t\t\t\n\t\t\t\t\n\t\t\t\t\n\t\t\t<\/div><div class=\"et_pb_module et_pb_text et_pb_text_0  et_pb_text_align_right et_pb_bg_layout_light\">\n\t\t\t\t\n\t\t\t\t\n\t\t\t\t\n\t\t\t\t\n\t\t\t\t\n\t\t\t<\/div> . Modletice 75. p.Dob\u0159ejovice 25101 \u0158\u00ed\u010danyPrague center \u2013 delivery and collection at your hotel is free Mo \u2013 Su: 8:00 \u2013 21:00 From 18:00 till 8:00\u00a0 extra fee for outside office hours Airport V\u00e1clava Havla \/ Ruzyn\u011b (PRG): Mo \u2013 Su: 8:00 \u2013 21:00 From 21:00 till 8:00\u00a0 extra fee for outside office hours [&hellip;]<\/p>\n","protected":false},"author":1,"featured_media":0,"parent":0,"menu_order":0,"comment_status":"closed","ping_status":"closed","template":"","meta":{"_et_pb_use_builder":"on","_et_pb_old_content":"","_et_gb_content_width":"","footnotes":""},"class_list":["post-998","page","type-page","status-publish","hentry"],"yoast_head":"<!-- This site is optimized with the Yoast SEO plugin v26.6 - https:\/\/yoast.com\/wordpress\/plugins\/seo\/ -->\n<title>\u05de\u05d2\u05e2 - Autop\u016fj\u010dovna Praha ASAP RENT CAR<\/title>\n<meta name=\"robots\" content=\"index, follow, max-snippet:-1, max-image-preview:large, max-video-preview:-1\" \/>\n<link rel=\"canonical\" href=\"https:\/\/www.autopujcovna-praha.cz\/kontakt\/\" \/>\n<meta property=\"og:locale\" content=\"he_IL\" \/>\n<meta property=\"og:type\" content=\"article\" \/>\n<meta property=\"og:title\" content=\"\u05de\u05d2\u05e2 - Autop\u016fj\u010dovna Praha ASAP RENT CAR\" \/>\n<meta property=\"og:description\" content=\". Modletice 75. p.Dob\u0159ejovice 25101 \u0158\u00ed\u010danyPrague center \u2013 delivery and collection at your hotel is free Mo \u2013 Su: 8:00 \u2013 21:00 From 18:00 till 8:00\u00a0 extra fee for outside office hours Airport V\u00e1clava Havla \/ Ruzyn\u011b (PRG): Mo \u2013 Su: 8:00 \u2013 21:00 From 21:00 till 8:00\u00a0 extra fee for outside office hours [&hellip;]\" \/>\n<meta property=\"og:url\" content=\"https:\/\/www.autopujcovna-praha.cz\/kontakt\/\" \/>\n<meta property=\"og:site_name\" content=\"Autop\u016fj\u010dovna Praha ASAP RENT CAR\" \/>\n<meta property=\"article:modified_time\" content=\"2022-08-15T16:32:34+00:00\" \/>\n<meta name=\"twitter:card\" content=\"summary_large_image\" \/>\n<meta name=\"twitter:label1\" content=\"\u05d6\u05de\u05df \u05e7\u05e8\u05d9\u05d0\u05d4 \u05de\u05d5\u05e2\u05e8\u05da\" \/>\n\t<meta name=\"twitter:data1\" content=\"\u05d3\u05e7\u05d41\" \/>\n<script type=\"application\/ld+json\" class=\"yoast-schema-graph\">{\"@context\":\"https:\/\/schema.org\",\"@graph\":[{\"@type\":\"WebPage\",\"@id\":\"https:\/\/www.autopujcovna-praha.cz\/kontakt\/\",\"url\":\"https:\/\/www.autopujcovna-praha.cz\/kontakt\/\",\"name\":\"\u05de\u05d2\u05e2 - Autop\u016fj\u010dovna Praha ASAP RENT CAR\",\"isPartOf\":{\"@id\":\"https:\/\/www.autopujcovna-praha.cz\/#website\"},\"datePublished\":\"2014-12-02T10:25:28+00:00\",\"dateModified\":\"2022-08-15T16:32:34+00:00\",\"breadcrumb\":{\"@id\":\"https:\/\/www.autopujcovna-praha.cz\/kontakt\/#breadcrumb\"},\"inLanguage\":\"he-IL\",\"potentialAction\":[{\"@type\":\"ReadAction\",\"target\":[\"https:\/\/www.autopujcovna-praha.cz\/kontakt\/\"]}]},{\"@type\":\"BreadcrumbList\",\"@id\":\"https:\/\/www.autopujcovna-praha.cz\/kontakt\/#breadcrumb\",\"itemListElement\":[{\"@type\":\"ListItem\",\"position\":1,\"name\":\"Dom\u016f\",\"item\":\"https:\/\/www.autopujcovna-praha.cz\/he\/\"},{\"@type\":\"ListItem\",\"position\":2,\"name\":\"\u05de\u05d2\u05e2\"}]},{\"@type\":\"WebSite\",\"@id\":\"https:\/\/www.autopujcovna-praha.cz\/#website\",\"url\":\"https:\/\/www.autopujcovna-praha.cz\/\",\"name\":\"Autop\u016fj\u010dovna Praha ASAP RENT CAR\",\"description\":\"Autop\u016fj\u010dovna Praha\",\"potentialAction\":[{\"@type\":\"SearchAction\",\"target\":{\"@type\":\"EntryPoint\",\"urlTemplate\":\"https:\/\/www.autopujcovna-praha.cz\/?s={search_term_string}\"},\"query-input\":{\"@type\":\"PropertyValueSpecification\",\"valueRequired\":true,\"valueName\":\"search_term_string\"}}],\"inLanguage\":\"he-IL\"}]}<\/script>\n<!-- \/ Yoast SEO plugin. -->","yoast_head_json":{"title":"\u05de\u05d2\u05e2 - Autop\u016fj\u010dovna Praha ASAP RENT CAR","robots":{"index":"index","follow":"follow","max-snippet":"max-snippet:-1","max-image-preview":"max-image-preview:large","max-video-preview":"max-video-preview:-1"},"canonical":"https:\/\/www.autopujcovna-praha.cz\/kontakt\/","og_locale":"he_IL","og_type":"article","og_title":"\u05de\u05d2\u05e2 - Autop\u016fj\u010dovna Praha ASAP RENT CAR","og_description":". Modletice 75. p.Dob\u0159ejovice 25101 \u0158\u00ed\u010danyPrague center \u2013 delivery and collection at your hotel is free Mo \u2013 Su: 8:00 \u2013 21:00 From 18:00 till 8:00\u00a0 extra fee for outside office hours Airport V\u00e1clava Havla \/ Ruzyn\u011b (PRG): Mo \u2013 Su: 8:00 \u2013 21:00 From 21:00 till 8:00\u00a0 extra fee for outside office hours [&hellip;]","og_url":"https:\/\/www.autopujcovna-praha.cz\/kontakt\/","og_site_name":"Autop\u016fj\u010dovna Praha ASAP RENT CAR","article_modified_time":"2022-08-15T16:32:34+00:00","twitter_card":"summary_large_image","twitter_misc":{"\u05d6\u05de\u05df \u05e7\u05e8\u05d9\u05d0\u05d4 \u05de\u05d5\u05e2\u05e8\u05da":"\u05d3\u05e7\u05d41"},"schema":{"@context":"https:\/\/schema.org","@graph":[{"@type":"WebPage","@id":"https:\/\/www.autopujcovna-praha.cz\/kontakt\/","url":"https:\/\/www.autopujcovna-praha.cz\/kontakt\/","name":"\u05de\u05d2\u05e2 - Autop\u016fj\u010dovna Praha ASAP RENT CAR","isPartOf":{"@id":"https:\/\/www.autopujcovna-praha.cz\/#website"},"datePublished":"2014-12-02T10:25:28+00:00","dateModified":"2022-08-15T16:32:34+00:00","breadcrumb":{"@id":"https:\/\/www.autopujcovna-praha.cz\/kontakt\/#breadcrumb"},"inLanguage":"he-IL","potentialAction":[{"@type":"ReadAction","target":["https:\/\/www.autopujcovna-praha.cz\/kontakt\/"]}]},{"@type":"BreadcrumbList","@id":"https:\/\/www.autopujcovna-praha.cz\/kontakt\/#breadcrumb","itemListElement":[{"@type":"ListItem","position":1,"name":"Dom\u016f","item":"https:\/\/www.autopujcovna-praha.cz\/he\/"},{"@type":"ListItem","position":2,"name":"\u05de\u05d2\u05e2"}]},{"@type":"WebSite","@id":"https:\/\/www.autopujcovna-praha.cz\/#website","url":"https:\/\/www.autopujcovna-praha.cz\/","name":"Autop\u016fj\u010dovna Praha ASAP RENT CAR","description":"Autop\u016fj\u010dovna Praha","potentialAction":[{"@type":"SearchAction","target":{"@type":"EntryPoint","urlTemplate":"https:\/\/www.autopujcovna-praha.cz\/?s={search_term_string}"},"query-input":{"@type":"PropertyValueSpecification","valueRequired":true,"valueName":"search_term_string"}}],"inLanguage":"he-IL"}]}},"_links":{"self":[{"href":"https:\/\/www.autopujcovna-praha.cz\/he\/wp-json\/wp\/v2\/pages\/998","targetHints":{"allow":["GET"]}}],"collection":[{"href":"https:\/\/www.autopujcovna-praha.cz\/he\/wp-json\/wp\/v2\/pages"}],"about":[{"href":"https:\/\/www.autopujcovna-praha.cz\/he\/wp-json\/wp\/v2\/types\/page"}],"author":[{"embeddable":true,"href":"https:\/\/www.autopujcovna-praha.cz\/he\/wp-json\/wp\/v2\/users\/1"}],"replies":[{"embeddable":true,"href":"https:\/\/www.autopujcovna-praha.cz\/he\/wp-json\/wp\/v2\/comments?post=998"}],"version-history":[{"count":2,"href":"https:\/\/www.autopujcovna-praha.cz\/he\/wp-json\/wp\/v2\/pages\/998\/revisions"}],"predecessor-version":[{"id":4371,"href":"https:\/\/www.autopujcovna-praha.cz\/he\/wp-json\/wp\/v2\/pages\/998\/revisions\/4371"}],"wp:attachment":[{"href":"https:\/\/www.autopujcovna-praha.cz\/he\/wp-json\/wp\/v2\/media?parent=998"}],"curies":[{"name":"wp","href":"https:\/\/api.w.org\/{rel}","templated":true}]}}