{"id":985,"date":"2014-12-02T11:18:34","date_gmt":"2014-12-02T10:18:34","guid":{"rendered":"http:\/\/www.neverending.eu\/?page_id=985"},"modified":"2022-08-08T22:36:47","modified_gmt":"2022-08-08T20:36:47","slug":"contact-2","status":"publish","type":"page","link":"https:\/\/www.autopujcovna-praha.cz\/fr\/contact-2\/","title":{"rendered":"CONTACT"},"content":{"rendered":"<p>[et_pb_section fb_built=\u00a0\u00bb1&Prime; _builder_version=\u00a0\u00bb4.16&Prime; global_colors_info=\u00a0\u00bb{}\u00a0\u00bb][et_pb_row _builder_version=\u00a0\u00bb4.16&Prime; background_size=\u00a0\u00bbinitial\u00a0\u00bb background_position=\u00a0\u00bbtop_left\u00a0\u00bb background_repeat=\u00a0\u00bbrepeat\u00a0\u00bb global_colors_info=\u00a0\u00bb{}\u00a0\u00bb][et_pb_column type=\u00a0\u00bb4_4&Prime; _builder_version=\u00a0\u00bb4.16&Prime; custom_padding=\u00a0\u00bb|||\u00a0\u00bb global_colors_info=\u00a0\u00bb{}\u00a0\u00bb custom_padding__hover=\u00a0\u00bb|||\u00a0\u00bb][et_pb_text _builder_version=\u00a0\u00bb4.17.6&Prime; _module_preset=\u00a0\u00bbdefault\u00a0\u00bb header_font=\u00a0\u00bbTeko||||||||\u00a0\u00bb hover_enabled=\u00a0\u00bb0&Prime; sticky_enabled=\u00a0\u00bb0&Prime;]<\/p>\n<h1 style=\"text-align: center;\">CONTACT<\/h1>\n<p>[\/et_pb_text][et_pb_text _builder_version=\u00a0\u00bb4.16&Prime; background_size=\u00a0\u00bbinitial\u00a0\u00bb background_position=\u00a0\u00bbtop_left\u00a0\u00bb background_repeat=\u00a0\u00bbrepeat\u00a0\u00bb global_colors_info=\u00a0\u00bb{}\u00a0\u00bb]<\/p>\n<h2><\/h2>\n<table class=\"table\">\n<tbody>\n<tr>\n<th valign=\"top\">Adresse:<\/th>\n<td><strong>ASAP Rent car, s.r.o.<\/strong><br \/>\nModletice 75<br \/>\np.Dob\u0159ejovice<br \/>\n25101 \u0158\u00ed\u010dany<\/td>\n<\/tr>\n<tr>\n<th>I\u010cO:<\/th>\n<td>26723301<\/td>\n<\/tr>\n<tr>\n<th>DI\u010c:<\/th>\n<td>CZ 26723301<\/td>\n<\/tr>\n<tr>\n<th>Heures d&rsquo;ouverture:<\/th>\n<td>Heures d&rsquo;ouverture: Lu. \u2013 Dim. 8.00 \u2013 17.00 &#8211; la voiture peut \u00eatre men\u00e9e ou enlev\u00e9e apr\u00e8s l&rsquo;heure d&rsquo;ouverture d&rsquo;ap\u00e8s accord avec nous<\/td>\n<\/tr>\n<tr>\n<th valign=\"top\">Tel:<\/th>\n<td>+420 602 307 836 (czech, english)<br \/>\n+420 602 307 835 (czech, english)<br \/>\n+420 602 307 839 (czech, english)<br \/>\n+420 323 605 521 (czech, english)<\/td>\n<\/tr>\n<tr>\n<th valign=\"top\">En cas de besoin:<\/th>\n<td>+420 602 307 836 or +420 602 307 835<\/td>\n<\/tr>\n<tr>\n<th>Fax:<\/th>\n<td>+420 323 605 521<\/td>\n<\/tr>\n<tr>\n<th>Email:<\/th>\n<td><a title=\"Kontakt ASAP\" href=\"mailto:asap@asap-rentcar.cz\">asap@asap-rentcar.cz<\/a><\/td>\n<\/tr>\n<tr>\n<th>WWW:<\/th>\n<td><a title=\"Autop\u016fj\u010dovna ASAP Rentcar\" href=\"http:\/\/www.asap-rentcar.cz\">www.asap-rentcar.cz<\/a><br \/>\n<a title=\"Autop\u016fj\u010dovna ASAP Rentcar\" href=\"https:\/\/www.autopujcovna-praha.cz\/https:\/\/www.autopujcovna-praha.cz\/\">www.autopujcovna-praha.cz<\/a><br \/>\n<a title=\"Autop\u016fj\u010dovna ASAP Rentcar\" href=\"http:\/\/www.autopujcovny-praha.cz\">www.autopujcovny-praha.cz<\/a><br \/>\n<a title=\"Autop\u016fj\u010dovna ASAP Rentcar\" href=\"http:\/\/www.carrentalprague.cz\">www.carrentalprague.cz<\/a><\/td>\n<\/tr>\n<tr>\n<th>ICQ:<\/th>\n<td>359-690-431<\/td>\n<\/tr>\n<tr>\n<th>Skype:<\/th>\n<td>asap_rentcar<\/td>\n<\/tr>\n<\/tbody>\n<\/table>\n<p>&nbsp;<\/p>\n<h2>Comment pouvez Vous nous trouvez<\/h2>\n<p><strong>En voiture:<\/strong><\/p>\n<p class=\"no-top\">Suivez l&rsquo;autorute de Prague direction Brno vers \u201e\u0158\u00ed\u010dany\u201c \u2013 au sens giratoire tournez \u00e0 doite &#8211; \u201eJesenice\u201c, apr\u00e8s 150 m\u00e9tre tournez gauche -\u201ePopovi\u010dky\u201c, continuez la grande route \u00e0 peu pr\u00e8s 1,5 km jusqu&rsquo;au carrefour \u201ev\u201c , prenez \u00e0 droite &#8211; \u201eModletice\u201c et apr\u00e8s 100 m\u00e9tre tournez \u00e0 droit dans l&rsquo;aire qui sera sur votre gauche.<\/p>\n<p>De \u00ab\u00a0Jesenice\u00a0\u00bb &#8211; tournez vers \u0158\u00ed\u010dany &#8211; \u00e0 peu pr\u00e8s 5 km tout doit jusqu&rsquo;au carrefour ou \u00e0 doite &#8211; \u00ab\u00a0Modletice\u00a0\u00bb, apr\u00e8s 600 metr\u016f droit a\u017e jusqu&rsquo;au carrefour \u00ab\u00a0T\u00a0\u00bb, sur laquelle prenez dirrection Chomutovice et apr\u00e8s 200 m entrez dans l&rsquo;aire \u00ab\u00a0Autop\u016fj\u010dovna, Autod\u00edly Modletice\u00a0\u00bb.<\/p>\n<p><strong>En bus:<\/strong><\/p>\n<p class=\"no-top\">De m\u00e9tro \u201eOpatov\u201c prenez bus n\u00b0 363 jusqu&rsquo;au arr\u00eat \u201eModletice rozcest\u00ed\u201c (l&rsquo;aire \u00ab\u00a0Autop\u016fj\u010dovna est en face d&rsquo;arr\u00eat ).<\/p>\n<p>Ou de m\u00e9tro \u201eOpatov\u201c prenez bus n\u00b0 328 jusqu&rsquo;au arr\u00eat \u010cestlice (Hypernova), changez le bus n\u00b0 363 et allez jusqu&rsquo;au arr\u00eat \u201eModletice rozcest\u00ed\u201c (l&rsquo;aire \u00ab\u00a0Autop\u016fj\u010dovna est en face d&rsquo;arr\u00eat ).<\/p>\n<p>Ouvous pouvez prenez bus n\u00b0 328 jusqu&rsquo;au arr\u00eat \u201eModletice &#8211; V h\u016frce\u201c et ici chnagez le bus n\u00b0428 jusqu&rsquo;au arr\u00eat \u201eModletice rozcest\u00ed\u201c.<br \/>\n<iframe loading=\"lazy\" src=\"http:\/\/maps.google.com\/maps?f=q&amp;source=s_q&amp;hl=cs&amp;geocode=&amp;q=Modletice+75,+%C5%98%C3%AD%C4%8Dany+,+Czech+republic&amp;sll=37.509726,-95.712891&amp;sspn=31.068182,56.513672&amp;ie=UTF8&amp;ll=49.969675,14.596753&amp;spn=0.048428,0.123345&amp;output=embed\" width=\"100%\" height=\"350\" frameborder=\"0\" marginwidth=\"0\" marginheight=\"0\" scrolling=\"no\"><\/iframe><br \/>\n<small><a href=\"http:\/\/maps.google.com\/maps?f=q&amp;source=embed&amp;hl=cs&amp;geocode=&amp;q=Modletice+75,+%C5%98%C3%AD%C4%8Dany+,+Czech+republic&amp;sll=37.509726,-95.712891&amp;sspn=31.068182,56.513672&amp;ie=UTF8&amp;ll=49.969675,14.596753&amp;spn=0.048428,0.123345\">Large view<\/a><\/small>[\/et_pb_text][\/et_pb_column][\/et_pb_row][\/et_pb_section]<\/p>\n","protected":false},"excerpt":{"rendered":"<p>CONTACT Adresse: ASAP Rent car, s.r.o. Modletice 75 p.Dob\u0159ejovice 25101 \u0158\u00ed\u010dany I\u010cO: 26723301 DI\u010c: CZ 26723301 Heures d&rsquo;ouverture: Heures d&rsquo;ouverture: Lu. \u2013 Dim. 8.00 \u2013 17.00 &#8211; la voiture peut \u00eatre men\u00e9e ou enlev\u00e9e apr\u00e8s l&rsquo;heure d&rsquo;ouverture d&rsquo;ap\u00e8s accord avec nous Tel: +420 602 307 836 (czech, english) +420 602 307 835 (czech, english) +420 [&hellip;]<\/p>\n","protected":false},"author":1,"featured_media":0,"parent":0,"menu_order":0,"comment_status":"closed","ping_status":"closed","template":"","meta":{"_et_pb_use_builder":"on","_et_pb_old_content":"","_et_gb_content_width":"","footnotes":""},"class_list":["post-985","page","type-page","status-publish","hentry"],"yoast_head":"<!-- This site is optimized with the Yoast SEO plugin v26.6 - https:\/\/yoast.com\/wordpress\/plugins\/seo\/ -->\n<title>CONTACT - Autop\u016fj\u010dovna Praha ASAP RENT CAR<\/title>\n<meta name=\"robots\" content=\"index, follow, max-snippet:-1, max-image-preview:large, max-video-preview:-1\" \/>\n<link rel=\"canonical\" href=\"https:\/\/www.autopujcovna-praha.cz\/fr\/contact-2\/\" \/>\n<meta property=\"og:locale\" content=\"fr_FR\" \/>\n<meta property=\"og:type\" content=\"article\" \/>\n<meta property=\"og:title\" content=\"CONTACT - Autop\u016fj\u010dovna Praha ASAP RENT CAR\" \/>\n<meta property=\"og:description\" content=\"CONTACT Adresse: ASAP Rent car, s.r.o. Modletice 75 p.Dob\u0159ejovice 25101 \u0158\u00ed\u010dany I\u010cO: 26723301 DI\u010c: CZ 26723301 Heures d&#039;ouverture: Heures d&#039;ouverture: Lu. \u2013 Dim. 8.00 \u2013 17.00 - la voiture peut \u00eatre men\u00e9e ou enlev\u00e9e apr\u00e8s l&#039;heure d&#039;ouverture d&#039;ap\u00e8s accord avec nous Tel: +420 602 307 836 (czech, english) +420 602 307 835 (czech, english) +420 [&hellip;]\" \/>\n<meta property=\"og:url\" content=\"https:\/\/www.autopujcovna-praha.cz\/fr\/contact-2\/\" \/>\n<meta property=\"og:site_name\" content=\"Autop\u016fj\u010dovna Praha ASAP RENT CAR\" \/>\n<meta property=\"article:modified_time\" content=\"2022-08-08T20:36:47+00:00\" \/>\n<meta name=\"twitter:card\" content=\"summary_large_image\" \/>\n<meta name=\"twitter:label1\" content=\"Dur\u00e9e de lecture estim\u00e9e\" \/>\n\t<meta name=\"twitter:data1\" content=\"2 minutes\" \/>\n<script type=\"application\/ld+json\" class=\"yoast-schema-graph\">{\"@context\":\"https:\/\/schema.org\",\"@graph\":[{\"@type\":\"WebPage\",\"@id\":\"https:\/\/www.autopujcovna-praha.cz\/fr\/contact-2\/\",\"url\":\"https:\/\/www.autopujcovna-praha.cz\/fr\/contact-2\/\",\"name\":\"CONTACT - Autop\u016fj\u010dovna Praha ASAP RENT CAR\",\"isPartOf\":{\"@id\":\"https:\/\/www.autopujcovna-praha.cz\/#website\"},\"datePublished\":\"2014-12-02T10:18:34+00:00\",\"dateModified\":\"2022-08-08T20:36:47+00:00\",\"breadcrumb\":{\"@id\":\"https:\/\/www.autopujcovna-praha.cz\/fr\/contact-2\/#breadcrumb\"},\"inLanguage\":\"fr-FR\",\"potentialAction\":[{\"@type\":\"ReadAction\",\"target\":[\"https:\/\/www.autopujcovna-praha.cz\/fr\/contact-2\/\"]}]},{\"@type\":\"BreadcrumbList\",\"@id\":\"https:\/\/www.autopujcovna-praha.cz\/fr\/contact-2\/#breadcrumb\",\"itemListElement\":[{\"@type\":\"ListItem\",\"position\":1,\"name\":\"Dom\u016f\",\"item\":\"https:\/\/www.autopujcovna-praha.cz\/fr\/\"},{\"@type\":\"ListItem\",\"position\":2,\"name\":\"CONTACT\"}]},{\"@type\":\"WebSite\",\"@id\":\"https:\/\/www.autopujcovna-praha.cz\/#website\",\"url\":\"https:\/\/www.autopujcovna-praha.cz\/\",\"name\":\"Autop\u016fj\u010dovna Praha ASAP RENT CAR\",\"description\":\"Autop\u016fj\u010dovna Praha\",\"potentialAction\":[{\"@type\":\"SearchAction\",\"target\":{\"@type\":\"EntryPoint\",\"urlTemplate\":\"https:\/\/www.autopujcovna-praha.cz\/?s={search_term_string}\"},\"query-input\":{\"@type\":\"PropertyValueSpecification\",\"valueRequired\":true,\"valueName\":\"search_term_string\"}}],\"inLanguage\":\"fr-FR\"}]}<\/script>\n<!-- \/ Yoast SEO plugin. -->","yoast_head_json":{"title":"CONTACT - Autop\u016fj\u010dovna Praha ASAP RENT CAR","robots":{"index":"index","follow":"follow","max-snippet":"max-snippet:-1","max-image-preview":"max-image-preview:large","max-video-preview":"max-video-preview:-1"},"canonical":"https:\/\/www.autopujcovna-praha.cz\/fr\/contact-2\/","og_locale":"fr_FR","og_type":"article","og_title":"CONTACT - Autop\u016fj\u010dovna Praha ASAP RENT CAR","og_description":"CONTACT Adresse: ASAP Rent car, s.r.o. Modletice 75 p.Dob\u0159ejovice 25101 \u0158\u00ed\u010dany I\u010cO: 26723301 DI\u010c: CZ 26723301 Heures d'ouverture: Heures d'ouverture: Lu. \u2013 Dim. 8.00 \u2013 17.00 - la voiture peut \u00eatre men\u00e9e ou enlev\u00e9e apr\u00e8s l'heure d'ouverture d'ap\u00e8s accord avec nous Tel: +420 602 307 836 (czech, english) +420 602 307 835 (czech, english) +420 [&hellip;]","og_url":"https:\/\/www.autopujcovna-praha.cz\/fr\/contact-2\/","og_site_name":"Autop\u016fj\u010dovna Praha ASAP RENT CAR","article_modified_time":"2022-08-08T20:36:47+00:00","twitter_card":"summary_large_image","twitter_misc":{"Dur\u00e9e de lecture estim\u00e9e":"2 minutes"},"schema":{"@context":"https:\/\/schema.org","@graph":[{"@type":"WebPage","@id":"https:\/\/www.autopujcovna-praha.cz\/fr\/contact-2\/","url":"https:\/\/www.autopujcovna-praha.cz\/fr\/contact-2\/","name":"CONTACT - Autop\u016fj\u010dovna Praha ASAP RENT CAR","isPartOf":{"@id":"https:\/\/www.autopujcovna-praha.cz\/#website"},"datePublished":"2014-12-02T10:18:34+00:00","dateModified":"2022-08-08T20:36:47+00:00","breadcrumb":{"@id":"https:\/\/www.autopujcovna-praha.cz\/fr\/contact-2\/#breadcrumb"},"inLanguage":"fr-FR","potentialAction":[{"@type":"ReadAction","target":["https:\/\/www.autopujcovna-praha.cz\/fr\/contact-2\/"]}]},{"@type":"BreadcrumbList","@id":"https:\/\/www.autopujcovna-praha.cz\/fr\/contact-2\/#breadcrumb","itemListElement":[{"@type":"ListItem","position":1,"name":"Dom\u016f","item":"https:\/\/www.autopujcovna-praha.cz\/fr\/"},{"@type":"ListItem","position":2,"name":"CONTACT"}]},{"@type":"WebSite","@id":"https:\/\/www.autopujcovna-praha.cz\/#website","url":"https:\/\/www.autopujcovna-praha.cz\/","name":"Autop\u016fj\u010dovna Praha ASAP RENT CAR","description":"Autop\u016fj\u010dovna Praha","potentialAction":[{"@type":"SearchAction","target":{"@type":"EntryPoint","urlTemplate":"https:\/\/www.autopujcovna-praha.cz\/?s={search_term_string}"},"query-input":{"@type":"PropertyValueSpecification","valueRequired":true,"valueName":"search_term_string"}}],"inLanguage":"fr-FR"}]}},"_links":{"self":[{"href":"https:\/\/www.autopujcovna-praha.cz\/fr\/wp-json\/wp\/v2\/pages\/985","targetHints":{"allow":["GET"]}}],"collection":[{"href":"https:\/\/www.autopujcovna-praha.cz\/fr\/wp-json\/wp\/v2\/pages"}],"about":[{"href":"https:\/\/www.autopujcovna-praha.cz\/fr\/wp-json\/wp\/v2\/types\/page"}],"author":[{"embeddable":true,"href":"https:\/\/www.autopujcovna-praha.cz\/fr\/wp-json\/wp\/v2\/users\/1"}],"replies":[{"embeddable":true,"href":"https:\/\/www.autopujcovna-praha.cz\/fr\/wp-json\/wp\/v2\/comments?post=985"}],"version-history":[{"count":4,"href":"https:\/\/www.autopujcovna-praha.cz\/fr\/wp-json\/wp\/v2\/pages\/985\/revisions"}],"predecessor-version":[{"id":4356,"href":"https:\/\/www.autopujcovna-praha.cz\/fr\/wp-json\/wp\/v2\/pages\/985\/revisions\/4356"}],"wp:attachment":[{"href":"https:\/\/www.autopujcovna-praha.cz\/fr\/wp-json\/wp\/v2\/media?parent=985"}],"curies":[{"name":"wp","href":"https:\/\/api.w.org\/{rel}","templated":true}]}}