{"id":1125,"date":"2014-11-25T11:08:59","date_gmt":"2014-11-25T10:08:59","guid":{"rendered":"http:\/\/www.neverending.eu\/tips-for-trips-2\/"},"modified":"2022-08-08T22:33:20","modified_gmt":"2022-08-08T20:33:20","slug":"conseils-pour-les-voyages","status":"publish","type":"page","link":"https:\/\/www.autopujcovna-praha.cz\/fr\/conseils-pour-les-voyages\/","title":{"rendered":"CONSEILS POUR LES VOYAGES"},"content":{"rendered":"<h2>Interesting places in Czech Republic<\/h2>\n<h2><\/h2>\n<h2>Middle of Bohemia<\/h2>\n<ul>\n<li><strong>Castles:<\/strong>\n<p class=\"\\&quot;no-top\\&quot;\">Karl\u0161tejn &#8211; Krakovec &#8211; K\u0159ivokl\u00e1t &#8211; To\u010dn\u00edk (Zdice) &#8211; Varga\u010d (Dob\u0159\u00ed\u0161) &#8211; \u017debr\u00e1k<\/p>\n<\/li>\n<li><strong>Chateaux:<\/strong>\n<p class=\"\\&quot;no-top\\&quot;\">B\u0159eznice \u2013 Dob\u0159\u00ed\u0161 &#8211; Ho\u0159ovice &#8211; L\u00e1ny &#8211; Nelahozeves &#8211; Roztoky &#8211; Vysok\u00e1 u P\u0159\u00edbrami<\/p>\n<\/li>\n<li><strong>Ruins of castles:<\/strong>\n<p class=\"\\&quot;no-top\\&quot;\">Jen\u010dov &#8211; Oko\u0159<\/p>\n<\/li>\n<li><strong>Kutn\u00e1 Hora (UNESCO city):<\/strong>\n<p class=\"\\&quot;no-top\\&quot;\">(Cathedral of St. Barbara, Italien Court, Museum, Ossuary, Church of our Lady, Ursulini Convent) &#8211; Lidice<\/p>\n<\/li>\n<\/ul>\n<p>&nbsp;<\/p>\n<h2>Czech Paradise<\/h2>\n<ul>\n<li><strong>Rock castle Dr\u00e1bsk\u00e9 sv\u011btni\u010dky<\/strong><\/li>\n<li><strong>Castles:<\/strong>\n<p class=\"\\&quot;no-top\\&quot;\">Kost &#8211; Kozlov &#8211; Michalovice &#8211; Vald\u0161tejn &#8211; Vranov \u2013 Rot\u0161t\u011bjn<\/p>\n<\/li>\n<li><strong>Chateaux:<\/strong>\n<p class=\"\\&quot;no-top\\&quot;\">Sychrov &#8211; D\u011btenice &#8211; Hrub\u00e1 Sk\u00e1la &#8211; Hrub\u00fd Rohozec &#8211; Humprecht &#8211; Kamenice &#8211; Mnichovo Hradi\u0161t\u011b &#8211; Star\u00e9 Hrady &#8211; Zbirohy<\/p>\n<\/li>\n<li><strong>Ruins of castles:<\/strong>\n<p class=\"\\&quot;no-top\\&quot;\">Bradlec &#8211; Fr\u00fdd\u0161tejn &#8211; Kumburk &#8211; Zv\u00ed\u0159etice<\/p>\n<\/li>\n<\/ul>\n<p>&nbsp;<\/p>\n<h2>Western Bohemia<\/h2>\n<ul>\n<li><strong>Spas:<\/strong>\n<p class=\"\\&quot;no-top\\&quot;\">Karlovy Vary \u2013 Franti\u0161kovy l\u00e1zn\u011b \u2013 Mari\u00e1nsk\u00e9 l\u00e1zn\u011b &#8211; L\u00e1zn\u011b J\u00e1chymov<\/p>\n<\/li>\n<li><strong>Castles:<\/strong>\n<p class=\"\\&quot;no-top\\&quot;\">Loket \u2013 Be\u010dov nad Teplou \u2013 Hasi\u0161tejn<\/p>\n<\/li>\n<li><strong>Slavkov&nbsp;forest<\/strong><\/li>\n<\/ul>\n<p>&nbsp;<\/p>\n<h2>Eastern Bohemia<\/h2>\n<ul>\n<li><strong>Hradec Kr\u00e1lov\u00e9:<\/strong>\n<p class=\"\\&quot;no-top\\&quot;\">White Tower and the Cathedral of the Holy Ghost,&nbsp;Museum<\/p>\n<\/li>\n<li><strong>Poli\u010dka:<\/strong>\n<p class=\"\\&quot;no-top\\&quot;\">Marian pillar, Museum<\/p>\n<\/li>\n<li><strong>Litomy\u0161l (UNESCO city):<\/strong>\n<p class=\"\\&quot;no-top\\&quot;\">Chateau&nbsp;Litomy\u0161l,&nbsp;birthplace of czech composer Bedrich Smetana<\/p>\n<\/li>\n<li><strong>Orlick\u00e9&nbsp;mountains<\/strong><\/li>\n<li><strong>Ruins of castle&nbsp;Pot\u0161t\u011bjn<\/strong><\/li>\n<li><strong>Castle Kun\u011btick\u00e1 hora<\/strong><\/li>\n<li><strong>Chateau Ratibo\u0159ice:<\/strong>\n<p class=\"\\&quot;no-top\\&quot;\">Grand mother\u00b4s&nbsp;valey &#8211; open air folk museum<\/p>\n<\/li>\n<li><strong>Krkono\u0161e<\/strong> <strong>mountains<\/strong><\/li>\n<\/ul>\n<p>&nbsp;<\/p>\n<h2>Middle and North of Moravia<\/h2>\n<ul>\n<li><strong>Pilgrimage place Velehrad:<\/strong><\/li>\n<li><strong>Vala\u0161sk\u00e9 muzeum<\/strong> &#8211; open air folk museum<\/li>\n<li><strong>Chateaux:<\/strong>\n<p class=\"\\&quot;no-top\\&quot;\">Krom\u011b\u0159\u00ed\u017e \u2013 Krava\u0159e &#8211; Vizovice \u2013 Buchlovice &#8211; J\u00e1nsk\u00fd vrch \u2013 Velk\u00e9 Losiny<\/p>\n<\/li>\n<li><strong>Castles:<\/strong>\n<p class=\"\\&quot;no-top\\&quot;\">Bouzov \u2013 \u00dasov \u2013 Sovinec \u2013\u2013 Hukvaldy \u2013 Helf\u0161t\u00fdn<\/p>\n<\/li>\n<li><strong>Mine&nbsp;Michal<\/strong><\/li>\n<li><strong>Memorial to the Victims of the Nazism in Northern Moravia<\/strong><\/li>\n<li><strong>Jesen\u00edky mountains<\/strong><\/li>\n<li><strong>Honorary Holy Trinity Column in Olomouc<\/strong><\/li>\n<\/ul>\n<h2><\/h2>\n<h2>Northern Bohemia<\/h2>\n<ul>\n<li><strong>Memorial Terez\u00edn<\/strong> (concentration camp during the Second Word War)<\/li>\n<li><strong>Hill \u0158\u00edp<\/strong> (memorial czech place)<\/li>\n<li><strong>Chateau&nbsp;Libochovice<\/strong><\/li>\n<li><strong>Wather castle Budyn\u011b nad&nbsp;Oh\u0159\u00ed<\/strong><\/li>\n<li><strong>Lu\u017eick\u00e9&nbsp;mountains<\/strong><\/li>\n<li><strong>D\u011b\u010d\u00edn rock walls<\/strong><\/li>\n<li><strong>Mountain Je\u0161t\u011bd<\/strong> (observation, hotel, cableway)<\/li>\n<li><strong>Castle&nbsp;Hazmburk<\/strong><\/li>\n<li><strong>\u010cesk\u00e9 \u0160v\u00fdcarsko<\/strong> (national park &#8211; rock walls, nature)<\/li>\n<\/ul>\n<p>&nbsp;<\/p>\n<h2>Southern Bohemia<\/h2>\n<ul>\n<li><strong>Chateaux:<\/strong>\n<p class=\"\\&quot;no-top\\&quot;\">Cerhonick\u00fd &#8211; Jind\u0159ich\u016fv Hradec \u2013 Bechyn\u011b &#8211; Blatn\u00e1 &#8211; Chlum u T\u0159ebon\u011b &#8211; Chotoviny &#8211; Da\u010dice &#8211; \u010cerven\u00e1 Lhota &#8211; Hlubok\u00e1 nad Vltavou &#8211; Kest\u0159any &#8211; Koma\u0159ovice &#8211; Ln\u00e1\u0159e &#8211; M\u011b\u0161ice &#8211; Orl\u00edk &#8211; Raden\u00edn- T\u00fdn nad Vltavou &#8211; T\u0159ebo\u0148<\/p>\n<\/li>\n<li><strong>Castles:<\/strong>\n<p class=\"\\&quot;no-top\\&quot;\">Land\u0161tejn &#8211; Nov\u00e9 Hrady \u2013 Jind\u0159ich\u016fv Hradec &#8211; P\u00edsek &#8211; Strakonice &#8211; Zv\u00edkov &#8211; Kotnov<\/p>\n<\/li>\n<li><strong>City walls in Nov\u00e1 Byst\u0159ice&nbsp;<\/strong><\/li>\n<li><strong>Ruins of castles:<\/strong>&nbsp; Dobronice &#8211; Choustn\u00edk &#8211; Helfenburk &#8211; Koz\u00ed Hr\u00e1dek<\/li>\n<li><strong>Pr\u00e1check\u00e9 Museum<\/strong><\/li>\n<li><strong>Observation&nbsp;Jarn\u00edk<\/strong><\/li>\n<li><strong>Albrechtice nad Vltavou<\/strong> (cemetery)<\/li>\n<li><strong>\u010cesk\u00fd Krumlov<\/strong> (UNESCO city):\n<p class=\"\\&quot;no-top\\&quot;\">Chateau and Castle, Barock Theatre, Egon Schiele Centre, Geographical Museum,&nbsp;castle gardens with a revolving theatre<\/p>\n<\/li>\n<li><strong>T\u0159ebo\u0148:<\/strong>\n<p class=\"\\&quot;no-top\\&quot;\">Castle, Schwarzenberg Tomb,&nbsp;Church St. Jilj\u00ed, Huna spa, Berta spa,&nbsp;Theatre of J. K. Tyl<\/p>\n<\/li>\n<\/ul>\n<p>&nbsp;<\/p>\n<h2>Southern Moravia<\/h2>\n<ul>\n<li><strong>Castles:<\/strong>\n<p class=\"\\&quot;no-top\\&quot;\">\u0160pilberk (Brno) \u2013 Veve\u0159\u00ed<\/p>\n<\/li>\n<li><strong>Chateaux:<\/strong>\n<p class=\"\\&quot;no-top\\&quot;\"><strong>Lednice \u2013 Valtice (UNESCO place)<\/strong>&nbsp;\u2013 Hodon\u00edn \u2013 Bu\u010dovice \u2013 Slavkov u Brna \u2013 Krom\u011b\u0159\u00ed\u017e \u2013 Blansko<\/p>\n<\/li>\n<li><strong>Conservation area Moravian Karst<\/strong> (karst area)<\/li>\n<li><strong>Caves:<\/strong>\n<p class=\"\\&quot;no-top\\&quot;\">Balcarka &#8211; Catherine\u00b4s&nbsp; &#8211; Punkva with underground river &#8211; Sloups-Sosuvka &#8211; Abbys Macocha<\/p>\n<\/li>\n<\/ul>\n<p>&nbsp;<\/p>\n<h2>Highlands<\/h2>\n<ul>\n<li><strong>Tel\u010d (UNESCO city):<\/strong>\n<p class=\"\\&quot;no-top\\&quot;\">historical square,&nbsp;Museum, Tower of St. Ghost, Church of St. Jakob<\/p>\n<\/li>\n<li><strong>Pelh\u0159imov:<\/strong>\n<p class=\"\\&quot;no-top\\&quot;\">Museum of Records<\/p>\n<\/li>\n<li><strong>Vesel\u00fd kopec:<\/strong>\n<p class=\"\\&quot;no-top\\&quot;\">Betl\u00e9m Hlinsko &#8211; open air folk museum<\/p>\n<\/li>\n<\/ul>\n<ul>\n<li><strong>Museum of Puppets<\/strong><\/li>\n<li><strong>Castle&nbsp;Pern\u0161tejn<\/strong><\/li>\n<li><strong>Chateau&nbsp;T\u0159eb\u00ed\u010d<\/strong><\/li>\n<\/ul>\n","protected":false},"excerpt":{"rendered":"<p>Interesting places in Czech Republic Middle of Bohemia Castles: Karl\u0161tejn &#8211; Krakovec &#8211; K\u0159ivokl\u00e1t &#8211; To\u010dn\u00edk (Zdice) &#8211; Varga\u010d (Dob\u0159\u00ed\u0161) &#8211; \u017debr\u00e1k Chateaux: B\u0159eznice \u2013 Dob\u0159\u00ed\u0161 &#8211; Ho\u0159ovice &#8211; L\u00e1ny &#8211; Nelahozeves &#8211; Roztoky &#8211; Vysok\u00e1 u P\u0159\u00edbrami Ruins of castles: Jen\u010dov &#8211; Oko\u0159 Kutn\u00e1 Hora (UNESCO city): (Cathedral of St. Barbara, Italien Court, Museum, [&hellip;]<\/p>\n","protected":false},"author":1,"featured_media":938,"parent":0,"menu_order":0,"comment_status":"closed","ping_status":"closed","template":"","meta":{"_et_pb_use_builder":"","_et_pb_old_content":"","_et_gb_content_width":"","footnotes":""},"class_list":["post-1125","page","type-page","status-publish","has-post-thumbnail","hentry"],"yoast_head":"<!-- This site is optimized with the Yoast SEO plugin v26.6 - https:\/\/yoast.com\/wordpress\/plugins\/seo\/ -->\n<title>CONSEILS POUR LES VOYAGES - Autop\u016fj\u010dovna Praha ASAP RENT CAR<\/title>\n<meta name=\"robots\" content=\"index, follow, max-snippet:-1, max-image-preview:large, max-video-preview:-1\" \/>\n<link rel=\"canonical\" href=\"https:\/\/www.autopujcovna-praha.cz\/tips-for-trips\/\" \/>\n<meta property=\"og:locale\" content=\"fr_FR\" \/>\n<meta property=\"og:type\" content=\"article\" \/>\n<meta property=\"og:title\" content=\"CONSEILS POUR LES VOYAGES - Autop\u016fj\u010dovna Praha ASAP RENT CAR\" \/>\n<meta property=\"og:description\" content=\"Interesting places in Czech Republic Middle of Bohemia Castles: Karl\u0161tejn &#8211; Krakovec &#8211; K\u0159ivokl\u00e1t &#8211; To\u010dn\u00edk (Zdice) &#8211; Varga\u010d (Dob\u0159\u00ed\u0161) &#8211; \u017debr\u00e1k Chateaux: B\u0159eznice \u2013 Dob\u0159\u00ed\u0161 &#8211; Ho\u0159ovice &#8211; L\u00e1ny &#8211; Nelahozeves &#8211; Roztoky &#8211; Vysok\u00e1 u P\u0159\u00edbrami Ruins of castles: Jen\u010dov &#8211; Oko\u0159 Kutn\u00e1 Hora (UNESCO city): (Cathedral of St. Barbara, Italien Court, Museum, [&hellip;]\" \/>\n<meta property=\"og:url\" content=\"https:\/\/www.autopujcovna-praha.cz\/tips-for-trips\/\" \/>\n<meta property=\"og:site_name\" content=\"Autop\u016fj\u010dovna Praha ASAP RENT CAR\" \/>\n<meta property=\"article:modified_time\" content=\"2022-08-08T20:33:20+00:00\" \/>\n<meta property=\"og:image\" content=\"https:\/\/www.autopujcovna-praha.cz\/wp-content\/uploads\/2014\/11\/krumlov.jpg\" \/>\n\t<meta property=\"og:image:width\" content=\"275\" \/>\n\t<meta property=\"og:image:height\" content=\"183\" \/>\n\t<meta property=\"og:image:type\" content=\"image\/jpeg\" \/>\n<meta name=\"twitter:card\" content=\"summary_large_image\" \/>\n<meta name=\"twitter:label1\" content=\"Dur\u00e9e de lecture estim\u00e9e\" \/>\n\t<meta name=\"twitter:data1\" content=\"3 minutes\" \/>\n<script type=\"application\/ld+json\" class=\"yoast-schema-graph\">{\"@context\":\"https:\/\/schema.org\",\"@graph\":[{\"@type\":\"WebPage\",\"@id\":\"https:\/\/www.autopujcovna-praha.cz\/tips-for-trips\/\",\"url\":\"https:\/\/www.autopujcovna-praha.cz\/tips-for-trips\/\",\"name\":\"CONSEILS POUR LES VOYAGES - Autop\u016fj\u010dovna Praha ASAP RENT CAR\",\"isPartOf\":{\"@id\":\"https:\/\/www.autopujcovna-praha.cz\/#website\"},\"primaryImageOfPage\":{\"@id\":\"https:\/\/www.autopujcovna-praha.cz\/tips-for-trips\/#primaryimage\"},\"image\":{\"@id\":\"https:\/\/www.autopujcovna-praha.cz\/tips-for-trips\/#primaryimage\"},\"thumbnailUrl\":\"https:\/\/www.autopujcovna-praha.cz\/wp-content\/uploads\/2014\/11\/krumlov.jpg\",\"datePublished\":\"2014-11-25T10:08:59+00:00\",\"dateModified\":\"2022-08-08T20:33:20+00:00\",\"breadcrumb\":{\"@id\":\"https:\/\/www.autopujcovna-praha.cz\/tips-for-trips\/#breadcrumb\"},\"inLanguage\":\"fr-FR\",\"potentialAction\":[{\"@type\":\"ReadAction\",\"target\":[\"https:\/\/www.autopujcovna-praha.cz\/tips-for-trips\/\"]}]},{\"@type\":\"ImageObject\",\"inLanguage\":\"fr-FR\",\"@id\":\"https:\/\/www.autopujcovna-praha.cz\/tips-for-trips\/#primaryimage\",\"url\":\"https:\/\/www.autopujcovna-praha.cz\/wp-content\/uploads\/2014\/11\/krumlov.jpg\",\"contentUrl\":\"https:\/\/www.autopujcovna-praha.cz\/wp-content\/uploads\/2014\/11\/krumlov.jpg\",\"width\":275,\"height\":183},{\"@type\":\"BreadcrumbList\",\"@id\":\"https:\/\/www.autopujcovna-praha.cz\/tips-for-trips\/#breadcrumb\",\"itemListElement\":[{\"@type\":\"ListItem\",\"position\":1,\"name\":\"Dom\u016f\",\"item\":\"https:\/\/www.autopujcovna-praha.cz\/fr\/\"},{\"@type\":\"ListItem\",\"position\":2,\"name\":\"CONSEILS POUR LES VOYAGES\"}]},{\"@type\":\"WebSite\",\"@id\":\"https:\/\/www.autopujcovna-praha.cz\/#website\",\"url\":\"https:\/\/www.autopujcovna-praha.cz\/\",\"name\":\"Autop\u016fj\u010dovna Praha ASAP RENT CAR\",\"description\":\"Autop\u016fj\u010dovna Praha\",\"potentialAction\":[{\"@type\":\"SearchAction\",\"target\":{\"@type\":\"EntryPoint\",\"urlTemplate\":\"https:\/\/www.autopujcovna-praha.cz\/?s={search_term_string}\"},\"query-input\":{\"@type\":\"PropertyValueSpecification\",\"valueRequired\":true,\"valueName\":\"search_term_string\"}}],\"inLanguage\":\"fr-FR\"}]}<\/script>\n<!-- \/ Yoast SEO plugin. -->","yoast_head_json":{"title":"CONSEILS POUR LES VOYAGES - Autop\u016fj\u010dovna Praha ASAP RENT CAR","robots":{"index":"index","follow":"follow","max-snippet":"max-snippet:-1","max-image-preview":"max-image-preview:large","max-video-preview":"max-video-preview:-1"},"canonical":"https:\/\/www.autopujcovna-praha.cz\/tips-for-trips\/","og_locale":"fr_FR","og_type":"article","og_title":"CONSEILS POUR LES VOYAGES - Autop\u016fj\u010dovna Praha ASAP RENT CAR","og_description":"Interesting places in Czech Republic Middle of Bohemia Castles: Karl\u0161tejn &#8211; Krakovec &#8211; K\u0159ivokl\u00e1t &#8211; To\u010dn\u00edk (Zdice) &#8211; Varga\u010d (Dob\u0159\u00ed\u0161) &#8211; \u017debr\u00e1k Chateaux: B\u0159eznice \u2013 Dob\u0159\u00ed\u0161 &#8211; Ho\u0159ovice &#8211; L\u00e1ny &#8211; Nelahozeves &#8211; Roztoky &#8211; Vysok\u00e1 u P\u0159\u00edbrami Ruins of castles: Jen\u010dov &#8211; Oko\u0159 Kutn\u00e1 Hora (UNESCO city): (Cathedral of St. Barbara, Italien Court, Museum, [&hellip;]","og_url":"https:\/\/www.autopujcovna-praha.cz\/tips-for-trips\/","og_site_name":"Autop\u016fj\u010dovna Praha ASAP RENT CAR","article_modified_time":"2022-08-08T20:33:20+00:00","og_image":[{"width":275,"height":183,"url":"https:\/\/www.autopujcovna-praha.cz\/wp-content\/uploads\/2014\/11\/krumlov.jpg","type":"image\/jpeg"}],"twitter_card":"summary_large_image","twitter_misc":{"Dur\u00e9e de lecture estim\u00e9e":"3 minutes"},"schema":{"@context":"https:\/\/schema.org","@graph":[{"@type":"WebPage","@id":"https:\/\/www.autopujcovna-praha.cz\/tips-for-trips\/","url":"https:\/\/www.autopujcovna-praha.cz\/tips-for-trips\/","name":"CONSEILS POUR LES VOYAGES - Autop\u016fj\u010dovna Praha ASAP RENT CAR","isPartOf":{"@id":"https:\/\/www.autopujcovna-praha.cz\/#website"},"primaryImageOfPage":{"@id":"https:\/\/www.autopujcovna-praha.cz\/tips-for-trips\/#primaryimage"},"image":{"@id":"https:\/\/www.autopujcovna-praha.cz\/tips-for-trips\/#primaryimage"},"thumbnailUrl":"https:\/\/www.autopujcovna-praha.cz\/wp-content\/uploads\/2014\/11\/krumlov.jpg","datePublished":"2014-11-25T10:08:59+00:00","dateModified":"2022-08-08T20:33:20+00:00","breadcrumb":{"@id":"https:\/\/www.autopujcovna-praha.cz\/tips-for-trips\/#breadcrumb"},"inLanguage":"fr-FR","potentialAction":[{"@type":"ReadAction","target":["https:\/\/www.autopujcovna-praha.cz\/tips-for-trips\/"]}]},{"@type":"ImageObject","inLanguage":"fr-FR","@id":"https:\/\/www.autopujcovna-praha.cz\/tips-for-trips\/#primaryimage","url":"https:\/\/www.autopujcovna-praha.cz\/wp-content\/uploads\/2014\/11\/krumlov.jpg","contentUrl":"https:\/\/www.autopujcovna-praha.cz\/wp-content\/uploads\/2014\/11\/krumlov.jpg","width":275,"height":183},{"@type":"BreadcrumbList","@id":"https:\/\/www.autopujcovna-praha.cz\/tips-for-trips\/#breadcrumb","itemListElement":[{"@type":"ListItem","position":1,"name":"Dom\u016f","item":"https:\/\/www.autopujcovna-praha.cz\/fr\/"},{"@type":"ListItem","position":2,"name":"CONSEILS POUR LES VOYAGES"}]},{"@type":"WebSite","@id":"https:\/\/www.autopujcovna-praha.cz\/#website","url":"https:\/\/www.autopujcovna-praha.cz\/","name":"Autop\u016fj\u010dovna Praha ASAP RENT CAR","description":"Autop\u016fj\u010dovna Praha","potentialAction":[{"@type":"SearchAction","target":{"@type":"EntryPoint","urlTemplate":"https:\/\/www.autopujcovna-praha.cz\/?s={search_term_string}"},"query-input":{"@type":"PropertyValueSpecification","valueRequired":true,"valueName":"search_term_string"}}],"inLanguage":"fr-FR"}]}},"_links":{"self":[{"href":"https:\/\/www.autopujcovna-praha.cz\/fr\/wp-json\/wp\/v2\/pages\/1125","targetHints":{"allow":["GET"]}}],"collection":[{"href":"https:\/\/www.autopujcovna-praha.cz\/fr\/wp-json\/wp\/v2\/pages"}],"about":[{"href":"https:\/\/www.autopujcovna-praha.cz\/fr\/wp-json\/wp\/v2\/types\/page"}],"author":[{"embeddable":true,"href":"https:\/\/www.autopujcovna-praha.cz\/fr\/wp-json\/wp\/v2\/users\/1"}],"replies":[{"embeddable":true,"href":"https:\/\/www.autopujcovna-praha.cz\/fr\/wp-json\/wp\/v2\/comments?post=1125"}],"version-history":[{"count":2,"href":"https:\/\/www.autopujcovna-praha.cz\/fr\/wp-json\/wp\/v2\/pages\/1125\/revisions"}],"predecessor-version":[{"id":4352,"href":"https:\/\/www.autopujcovna-praha.cz\/fr\/wp-json\/wp\/v2\/pages\/1125\/revisions\/4352"}],"wp:featuredmedia":[{"embeddable":true,"href":"https:\/\/www.autopujcovna-praha.cz\/fr\/wp-json\/wp\/v2\/media\/938"}],"wp:attachment":[{"href":"https:\/\/www.autopujcovna-praha.cz\/fr\/wp-json\/wp\/v2\/media?parent=1125"}],"curies":[{"name":"wp","href":"https:\/\/api.w.org\/{rel}","templated":true}]}}